{"id":1332,"date":"2023-10-27T11:57:46","date_gmt":"2023-10-27T09:57:46","guid":{"rendered":"https:\/\/www.florencehome.it\/privacy-policy\/"},"modified":"2023-10-27T11:57:46","modified_gmt":"2023-10-27T09:57:46","slug":"privacy-policy","status":"publish","type":"page","link":"https:\/\/www.florencehome.it\/en\/privacy-policy\/","title":{"rendered":"Privacy Policy"},"content":{"rendered":"<p><strong>Privacy Policy<\/strong><\/p>\r\n<p>&nbsp;<\/p>\r\n<p><strong>Informativa resa ai sensi degli art. 13-14 del GDPR (General Data Protection Regulation) 2016\/679<\/strong><\/p>\r\n<p>&nbsp;<\/p>\r\n<p><strong>INFORMAZIONI GENERALI<\/strong><\/p>\r\n<p>&nbsp;<\/p>\r\n<p>Il presente sito rispetta la privacy dei suoi visitatori in accordo alle direttive Europee sulla privacy e sull\u2019utilizzo dei Cookies. La presente informativa: i) \u00e8 stata redatta al fine di facilitare la comprensione delle policy del Titolare con riguardo alla Sua privacy e le modalit\u00e0 con le quali le Sue informazioni personali vengono trattate all\u2019interno dei siti web; ii) serve a fornirLe informazioni affinch\u00e9 sia in grado di acconsentire al trattamento dei Suoi Dati Personali in maniera esplicita ed informata, laddove opportuno. I dati che Lei potr\u00e0 conferire, o che potranno essere altrimenti raccolti nell\u2019ambito del Suo utilizzo dei servizi del Titolare, saranno utilizzati secondo i principi internazionalmente riconosciuti di tutela della privacy. Ci\u00f2 significa, in particolare, che qualsiasi trattamento di dati personali da parte del Titolare rispetter\u00e0 i principi di liceit\u00e0, correttezza, trasparenza, limitazione delle finalit\u00e0, limitazione del periodo di conservazione, minimizzazione dei dati, accuratezza, integrit\u00e0 e riservatezza.<\/p>\r\n<p>&nbsp;<\/p>\r\n<ol>\r\n<li><strong> TITOLARE DEL TRATTAMENTO E RECAPITI<\/strong><\/li>\r\n<\/ol>\r\n<p>&nbsp;<\/p>\r\n<p>Il Titolare del trattamento \u00e8\u00a0la Immobiliare Falb s.r.l. con sede legale in\u00a0Corso Roma, 27, 20811 Cesano Maderno (MB), P.IVA\u00a000743960965, <a href=\"mailto:immobiliarefalb@gmail.com\">immobiliarefalb@gmail.com<\/a>, di seguito nominata \u201cIl Titolare\u201d.<\/p>\r\n<p>&nbsp;<\/p>\r\n<ol start=\"2\">\r\n<li><strong> FINALITA\u2019 DEL TRATTAMENTO<\/strong><\/li>\r\n<\/ol>\r\n<p>&nbsp;<\/p>\r\n<p>I dati personali sono trattati dal Titolare nell&#8217;esecuzione della propria attivit\u00e0 in base alle seguenti Finalit\u00e0:<\/p>\r\n<p>1) risposta alle richieste, ai commenti ed alle segnalazioni inviate anche tramite link o modulo mail-to del sito;<\/p>\r\n<p>2) raccolta di informazioni personali volontariamente trasmesse dagli interessati;<\/p>\r\n<p>3) fruizione del sito.<\/p>\r\n<p>&nbsp;<\/p>\r\n<ol start=\"3\">\r\n<li><strong> TIPI DI DATI TRATTATI E FINALIT\u00c0 DEL TRATTAMENTO<\/strong><\/li>\r\n<\/ol>\r\n<p><strong>\u00a0<\/strong><\/p>\r\n<p><strong>3.1 DATI DI NAVIGAZIONE\u00a0<\/strong><\/p>\r\n<p>&nbsp;<\/p>\r\n<p>L\u2019operativit\u00e0 del sito Web, cos\u00ec come quella di qualsiasi altro sito Web su Internet, richiede l\u2019utilizzo di sistemi informatici e procedure di software che raccolgono informazioni circa gli utenti del sito nell&#8217;ambito del suo utilizzo. Si tratta di informazioni che potrebbero permettere, mediante elaborazioni con dati detenuti da terzi, di identificare gli utenti (ad es. indirizzo IP, nomi di dominio dei pc utilizzati dai visitatori che si collegano al sito, ecc.). Questi dati vengono utilizzati al solo fine di ricavare informazioni di tipo statistico (quindi sono anonimi) e per controllare il corretto funzionamento del sito.\u00a0<\/p>\r\n<p>&nbsp;<\/p>\r\n<p><strong>3.2 DATI E INFORMAZIONI FORNITI VOLONTARIAMENTE DALL\u2019INTERESSATO<\/strong><\/p>\r\n<p>&nbsp;<\/p>\r\n<p>Nell\u2019utilizzare i Servizi offerti dal Sito Web, come ad esempio l\u2019utilizzo del modulo mail-to, Le \u00e8 permessa la fornitura di Dati Personali. Tali dati verranno trattati esclusivamente per rispondere alla richiesta, ovvero per la fornitura del servizio in conformit\u00e0 con la presente Policy. Nel caso di invio di curriculum vitae, potremo eventualmente trattare anche categorie particolari di dati personali, ex art. 9 del Regolamento UE 2016\/679, ovvero dati idonei a rilevare l\u2019origine raziale o etnica, le opinioni politiche, le convinzioni religiose o filosofiche, o l\u2019appartenenza sindacale, nonch\u00e9 dati genetici, dati biometrici, intesi a identificare in modo univoco una persona fisica, dati relativi alla salute o alla vita sessuale o all\u2019orientamento sessuale della persona. Per il suddetto trattamento \u00e8 necessario esprimere specifico consenso ed il Suo mancato consenso a fornirlo potr\u00e0 determinare l\u2019impossibilit\u00e0 per l\u2019Azienda di dare corso al vaglio della sua candidatura.<\/p>\r\n<p>&nbsp;<\/p>\r\n<ol start=\"4\">\r\n<li><strong> MODALIT\u00c0 DEL TRATTAMENTO E PERIODO DI CONSERVAZIONE DEI DATI<\/strong><\/li>\r\n<\/ol>\r\n<p>&nbsp;<\/p>\r\n<p>Il trattamento dei dati viene effettuato attraverso strumenti elettronici e\/o manualmente per il tempo strettamente necessario a conseguire gli scopi per i quali i dati sono stati raccolti e, comunque, in conformit\u00e0 alle disposizioni normative vigenti in materia. I dati personali verranno conservati per il tempo strettamente necessario al perseguimento delle specifiche finalit\u00e0 del trattamento ed in particolare:\u00a0<\/p>\r\n<p>&#8211; per i dati comuni o particolari trasmessi: per il tempo necessario allo svolgimento delle attivit\u00e0 specificate, salvo eventuali accertamenti di reati informatici ai danni del sito;<\/p>\r\n<p>&#8211; per i dati di navigazione: le modalit\u00e0 di trattamento e la durata della conservazione dei cookie \u00e8 contenuta nella cookie policy.<\/p>\r\n<p>&nbsp;<\/p>\r\n<ol start=\"5\">\r\n<li><strong> DESTINATARI DEI DATI<\/strong><\/li>\r\n<\/ol>\r\n<p>&nbsp;<\/p>\r\n<p>I Suoi dati potranno essere resi disponibili nei confronti dei Responsabili del Trattamento ex art. 28 del GDPR del Titolare. Alcune operazioni di trattamento potrebbero essere altres\u00ec effettuate anche da altri soggetti terzi, ai quali il Titolare affida talune attivit\u00e0, o parte di esse, funzionali all&#8217;erogazione dei servizi. Su tali ulteriori soggetti, designati come Responsabili del trattamento, sono imposti da parte del Titolare, mediante contratto o altro atto giuridico a norma del diritto dell\u2019UE o degli Stati membri, opportuni obblighi in materia di protezione dei dati personali attraverso istruzioni operative, con particolare riferimento all&#8217;adozione di misure tecniche ed organizzative adeguate, al fine di poter garantire la riservatezza e la sicurezza dei dati ex art. 32 del GDPR. Al di fuori di queste ipotesi i dati non saranno comunicati a terzi n\u00e9 diffusi, se non nei casi specificamente previsti dal diritto nazionale o dell&#8217;Unione europea.<\/p>\r\n<p>&nbsp;<\/p>\r\n<ol start=\"6\">\r\n<li><strong> TRASFERIMENTO DEI DATI PERSONALI VERSO PAESI NON APPARTENENTI ALL\u2019UNIONE EUROPEA.<\/strong><\/li>\r\n<\/ol>\r\n<p>&nbsp;<\/p>\r\n<p>I dati raccolti ed elaborati non vengono trasferiti presso Societ\u00e0 o altre entit\u00e0 al di fuori del territorio comunitario.<\/p>\r\n<p>&nbsp;<\/p>\r\n<ol start=\"7\">\r\n<li><strong> LINK A SITI ESTERNI<\/strong><\/li>\r\n<\/ol>\r\n<p>&nbsp;<\/p>\r\n<p>Questo sito internet contiene collegamenti ipertestuali detti \u201clink\u201d (ossia strumenti che consentono il collegamento ad una pagina web di un altro sito). I siti esterni raggiungibili tramite link sono gestiti da soggetti sui quali il Titolare non ha alcuna titolarit\u00e0, n\u00e9 controllo. Il Titolare, pertanto, non \u00e8 in alcun modo responsabile circa i contenuti, la qualit\u00e0, l\u2019accuratezza ed i servizi offerti. La visita e l\u2019utilizzo dei siti consultati dall\u2019utente del presente sito tramite link, quindi, \u00e8 rimessa esclusivamente alla totale discrezionalit\u00e0 e responsabilit\u00e0 dell\u2019utente utilizzatore. La presente informativa, pertanto, \u00e8 resa solo per i siti del Titolare e non anche per altri siti web eventualmente consultati dall&#8217;utente tramite link.<\/p>\r\n<p>&nbsp;<\/p>\r\n<ol start=\"8\">\r\n<li><strong> DIRITTI DEGLI INTERESSATI E DIRITTO DI RECLAMO<\/strong><\/li>\r\n<\/ol>\r\n<p>&nbsp;<\/p>\r\n<p>Gli interessati potranno esercitare in ogni momento i diritti previsti dagli art. 15 e ss. del GDPR ove applicabili. Gli interessati possono esercitare i loro diritti:<\/p>\r\n<ol>\r\n<li>via e-mail: <a href=\"mailto:immobiliarefalb@gmail.com\">immobiliarefalb@gmail.com<\/a><strong>;<\/strong><\/li>\r\n<li>via PEC: <a href=\"mailto:immobiliarefalb@lamiapec.it\">immobiliarefalb@lamiapec.it<\/a>;<\/li>\r\n<li>via posta A.R.: a:\u00a0Immobiliare Falb s.r.l., Corso Roma, 27 &#8211; 20811 Cesano Maderno (MB).<\/li>\r\n<\/ol>\r\n<p>&nbsp;<\/p>\r\n<p>Gli interessati che ritengono che il trattamento dei dati personali a loro riferiti effettuato attraverso questo sito avvenga in violazione di quanto previsto dal GDPR hanno il diritto di proporre reclamo al Garante per la protezione dei dati personali, come previsto dall&#8217;art. 77 del GDPR, seguendo le procedure e le indicazioni pubblicate sul sito web ufficiale dell\u2019Autorit\u00e0 su\u00a0<a href=\"http:\/\/www.garanteprivacy.it\/\">www.garanteprivacy.it<\/a>.<\/p>\r\n","protected":false},"excerpt":{"rendered":"<p>Privacy Policy &nbsp; Informativa resa ai sensi degli art. 13-14 del GDPR (General Data Protection Regulation) 2016\/679 &nbsp; INFORMAZIONI GENERALI &nbsp; Il presente sito rispetta la privacy dei suoi visitatori in accordo alle direttive Europee sulla privacy e sull\u2019utilizzo dei Cookies. La presente informativa: i) \u00e8 stata redatta al fine di facilitare la comprensione delle&#8230;<\/p>\n","protected":false},"author":1,"featured_media":0,"parent":0,"menu_order":0,"comment_status":"closed","ping_status":"open","template":"","meta":{"footnotes":""},"class_list":["post-1332","page","type-page","status-publish","hentry"],"_links":{"self":[{"href":"https:\/\/www.florencehome.it\/en\/wp-json\/wp\/v2\/pages\/1332","targetHints":{"allow":["GET"]}}],"collection":[{"href":"https:\/\/www.florencehome.it\/en\/wp-json\/wp\/v2\/pages"}],"about":[{"href":"https:\/\/www.florencehome.it\/en\/wp-json\/wp\/v2\/types\/page"}],"author":[{"embeddable":true,"href":"https:\/\/www.florencehome.it\/en\/wp-json\/wp\/v2\/users\/1"}],"replies":[{"embeddable":true,"href":"https:\/\/www.florencehome.it\/en\/wp-json\/wp\/v2\/comments?post=1332"}],"version-history":[{"count":0,"href":"https:\/\/www.florencehome.it\/en\/wp-json\/wp\/v2\/pages\/1332\/revisions"}],"wp:attachment":[{"href":"https:\/\/www.florencehome.it\/en\/wp-json\/wp\/v2\/media?parent=1332"}],"curies":[{"name":"wp","href":"https:\/\/api.w.org\/{rel}","templated":true}]}}